{"id":266,"date":"2025-04-05T16:55:38","date_gmt":"2025-04-05T21:55:38","guid":{"rendered":"https:\/\/decorvinilos.co\/?page_id=266"},"modified":"2025-07-21T16:56:03","modified_gmt":"2025-07-21T21:56:03","slug":"vinilos-adhesivos","status":"publish","type":"page","link":"https:\/\/decorvinilos.co\/index.php\/vinilos-adhesivos\/","title":{"rendered":"VINILOS ADHESIVOS"},"content":{"rendered":"\t\t<div data-elementor-type=\"wp-page\" data-elementor-id=\"266\" class=\"elementor elementor-266\">\n\t\t\t\t<div class=\"elementor-element elementor-element-c07f159 e-flex e-con-boxed e-con e-parent\" data-id=\"c07f159\" data-element_type=\"container\">\n\t\t\t\t\t<div class=\"e-con-inner\">\n\t\t\t\t<div class=\"elementor-element elementor-element-2afb56f elementor-widget elementor-widget-spacer\" data-id=\"2afb56f\" data-element_type=\"widget\" data-widget_type=\"spacer.default\">\n\t\t\t\t<div class=\"elementor-widget-container\">\n\t\t\t\t\t\t\t<div class=\"elementor-spacer\">\n\t\t\t<div class=\"elementor-spacer-inner\"><\/div>\n\t\t<\/div>\n\t\t\t\t\t\t<\/div>\n\t\t\t\t<\/div>\n\t\t\t\t<div class=\"elementor-element elementor-element-bb0d779 elementor-widget elementor-widget-heading\" data-id=\"bb0d779\" data-element_type=\"widget\" data-widget_type=\"heading.default\">\n\t\t\t\t<div class=\"elementor-widget-container\">\n\t\t\t\t\t<h2 class=\"elementor-heading-title elementor-size-default\">SELECCIONA UNA OPCI\u00d3N<\/h2>\t\t\t\t<\/div>\n\t\t\t\t<\/div>\n\t\t\t\t\t<\/div>\n\t\t\t\t<\/div>\n\t\t<div class=\"elementor-element elementor-element-ebe800f e-flex e-con-boxed e-con e-parent\" data-id=\"ebe800f\" data-element_type=\"container\">\n\t\t\t\t\t<div class=\"e-con-inner\">\n\t\t<div class=\"elementor-element elementor-element-16b377d e-con-full e-flex e-con e-child\" data-id=\"16b377d\" data-element_type=\"container\" data-settings=\"{&quot;background_background&quot;:&quot;classic&quot;}\">\n\t\t\t\t<div class=\"elementor-element elementor-element-4e30117 elementor-widget elementor-widget-heading\" data-id=\"4e30117\" data-element_type=\"widget\" data-widget_type=\"heading.default\">\n\t\t\t\t<div class=\"elementor-widget-container\">\n\t\t\t\t\t<h2 class=\"elementor-heading-title elementor-size-default\">MARMOL<\/h2>\t\t\t\t<\/div>\n\t\t\t\t<\/div>\n\t\t\t\t<div class=\"elementor-element elementor-element-40f4983 elementor-widget__width-initial elementor-widget elementor-widget-image\" data-id=\"40f4983\" data-element_type=\"widget\" data-widget_type=\"image.default\">\n\t\t\t\t<div class=\"elementor-widget-container\">\n\t\t\t\t\t\t\t\t\t\t\t\t\t\t\t<img fetchpriority=\"high\" decoding=\"async\" width=\"300\" height=\"300\" src=\"https:\/\/decorvinilos.co\/wp-content\/uploads\/2025\/07\/ROLLO-VINILO-MARMOL-300x300.png\" class=\"attachment-medium size-medium wp-image-1062\" alt=\"\" srcset=\"https:\/\/decorvinilos.co\/wp-content\/uploads\/2025\/07\/ROLLO-VINILO-MARMOL-300x300.png 300w, https:\/\/decorvinilos.co\/wp-content\/uploads\/2025\/07\/ROLLO-VINILO-MARMOL-150x150.png 150w, https:\/\/decorvinilos.co\/wp-content\/uploads\/2025\/07\/ROLLO-VINILO-MARMOL-100x100.png 100w, https:\/\/decorvinilos.co\/wp-content\/uploads\/2025\/07\/ROLLO-VINILO-MARMOL.png 350w\" sizes=\"(max-width: 300px) 100vw, 300px\" \/>\t\t\t\t\t\t\t\t\t\t\t\t\t\t\t<\/div>\n\t\t\t\t<\/div>\n\t\t\t\t<div class=\"elementor-element elementor-element-6b174ec elementor-widget elementor-widget-button\" data-id=\"6b174ec\" data-element_type=\"widget\" data-widget_type=\"button.default\">\n\t\t\t\t<div class=\"elementor-widget-container\">\n\t\t\t\t\t\t\t\t\t<div class=\"elementor-button-wrapper\">\n\t\t\t\t\t<a class=\"elementor-button elementor-button-link elementor-size-sm\" href=\"https:\/\/decorvinilos.co\/index.php\/catalogo-vinilo-tipo-marmol\/\">\n\t\t\t\t\t\t<span class=\"elementor-button-content-wrapper\">\n\t\t\t\t\t\t\t\t\t<span class=\"elementor-button-text\">VER DISE\u00d1OS<\/span>\n\t\t\t\t\t<\/span>\n\t\t\t\t\t<\/a>\n\t\t\t\t<\/div>\n\t\t\t\t\t\t\t\t<\/div>\n\t\t\t\t<\/div>\n\t\t\t\t<\/div>\n\t\t<div class=\"elementor-element elementor-element-c4aa7c1 e-con-full e-flex e-con e-child\" data-id=\"c4aa7c1\" data-element_type=\"container\">\n\t\t\t\t<\/div>\n\t\t<div class=\"elementor-element elementor-element-bd53806 e-con-full e-flex e-con e-child\" data-id=\"bd53806\" data-element_type=\"container\" data-settings=\"{&quot;background_background&quot;:&quot;classic&quot;}\">\n\t\t\t\t<div class=\"elementor-element elementor-element-bf609f0 elementor-widget elementor-widget-heading\" data-id=\"bf609f0\" data-element_type=\"widget\" data-widget_type=\"heading.default\">\n\t\t\t\t<div class=\"elementor-widget-container\">\n\t\t\t\t\t<h2 class=\"elementor-heading-title elementor-size-default\">MADERA<\/h2>\t\t\t\t<\/div>\n\t\t\t\t<\/div>\n\t\t\t\t<div class=\"elementor-element elementor-element-22a97e8 elementor-widget__width-initial elementor-widget elementor-widget-image\" data-id=\"22a97e8\" data-element_type=\"widget\" data-widget_type=\"image.default\">\n\t\t\t\t<div class=\"elementor-widget-container\">\n\t\t\t\t\t\t\t\t\t\t\t\t\t\t\t<img decoding=\"async\" width=\"300\" height=\"300\" src=\"https:\/\/decorvinilos.co\/wp-content\/uploads\/2025\/07\/ROLLO-VINILO-MADERA-300x300.png\" class=\"attachment-medium size-medium wp-image-1061\" alt=\"\" srcset=\"https:\/\/decorvinilos.co\/wp-content\/uploads\/2025\/07\/ROLLO-VINILO-MADERA-300x300.png 300w, https:\/\/decorvinilos.co\/wp-content\/uploads\/2025\/07\/ROLLO-VINILO-MADERA-150x150.png 150w, https:\/\/decorvinilos.co\/wp-content\/uploads\/2025\/07\/ROLLO-VINILO-MADERA-100x100.png 100w, https:\/\/decorvinilos.co\/wp-content\/uploads\/2025\/07\/ROLLO-VINILO-MADERA.png 350w\" sizes=\"(max-width: 300px) 100vw, 300px\" \/>\t\t\t\t\t\t\t\t\t\t\t\t\t\t\t<\/div>\n\t\t\t\t<\/div>\n\t\t\t\t<div class=\"elementor-element elementor-element-3acac3f elementor-widget elementor-widget-button\" data-id=\"3acac3f\" data-element_type=\"widget\" data-widget_type=\"button.default\">\n\t\t\t\t<div class=\"elementor-widget-container\">\n\t\t\t\t\t\t\t\t\t<div class=\"elementor-button-wrapper\">\n\t\t\t\t\t<a class=\"elementor-button elementor-button-link elementor-size-sm\" href=\"https:\/\/decorvinilos.co\/index.php\/catalogo-vinilo-tipo-madera\/\">\n\t\t\t\t\t\t<span class=\"elementor-button-content-wrapper\">\n\t\t\t\t\t\t\t\t\t<span class=\"elementor-button-text\">VER DISE\u00d1OS<\/span>\n\t\t\t\t\t<\/span>\n\t\t\t\t\t<\/a>\n\t\t\t\t<\/div>\n\t\t\t\t\t\t\t\t<\/div>\n\t\t\t\t<\/div>\n\t\t\t\t<\/div>\n\t\t\t\t\t<\/div>\n\t\t\t\t<\/div>\n\t\t<div class=\"elementor-element elementor-element-473ad02 e-flex e-con-boxed e-con e-parent\" data-id=\"473ad02\" data-element_type=\"container\">\n\t\t\t\t\t<div class=\"e-con-inner\">\n\t\t<div class=\"elementor-element elementor-element-f384d8d e-con-full e-flex e-con e-child\" data-id=\"f384d8d\" data-element_type=\"container\" data-settings=\"{&quot;background_background&quot;:&quot;classic&quot;}\">\n\t\t\t\t<div class=\"elementor-element elementor-element-1e1cdb4 elementor-widget elementor-widget-heading\" data-id=\"1e1cdb4\" data-element_type=\"widget\" data-widget_type=\"heading.default\">\n\t\t\t\t<div class=\"elementor-widget-container\">\n\t\t\t\t\t<h2 class=\"elementor-heading-title elementor-size-default\">CONCRETO<\/h2>\t\t\t\t<\/div>\n\t\t\t\t<\/div>\n\t\t\t\t<div class=\"elementor-element elementor-element-1cebd1e elementor-widget elementor-widget-image\" data-id=\"1cebd1e\" data-element_type=\"widget\" data-widget_type=\"image.default\">\n\t\t\t\t<div class=\"elementor-widget-container\">\n\t\t\t\t\t\t\t\t\t\t\t\t\t\t\t<img decoding=\"async\" width=\"350\" height=\"350\" src=\"https:\/\/decorvinilos.co\/wp-content\/uploads\/2025\/07\/ROLLO-VINILO-CONCRETO.png\" class=\"attachment-large size-large wp-image-1064\" alt=\"\" srcset=\"https:\/\/decorvinilos.co\/wp-content\/uploads\/2025\/07\/ROLLO-VINILO-CONCRETO.png 350w, https:\/\/decorvinilos.co\/wp-content\/uploads\/2025\/07\/ROLLO-VINILO-CONCRETO-300x300.png 300w, https:\/\/decorvinilos.co\/wp-content\/uploads\/2025\/07\/ROLLO-VINILO-CONCRETO-150x150.png 150w, https:\/\/decorvinilos.co\/wp-content\/uploads\/2025\/07\/ROLLO-VINILO-CONCRETO-100x100.png 100w\" sizes=\"(max-width: 350px) 100vw, 350px\" \/>\t\t\t\t\t\t\t\t\t\t\t\t\t\t\t<\/div>\n\t\t\t\t<\/div>\n\t\t\t\t<div class=\"elementor-element elementor-element-998abf3 elementor-widget elementor-widget-button\" data-id=\"998abf3\" data-element_type=\"widget\" data-widget_type=\"button.default\">\n\t\t\t\t<div class=\"elementor-widget-container\">\n\t\t\t\t\t\t\t\t\t<div class=\"elementor-button-wrapper\">\n\t\t\t\t\t<a class=\"elementor-button elementor-button-link elementor-size-sm\" href=\"https:\/\/decorvinilos.co\/index.php\/catalogo-vinilo-tipo-concreto\/\">\n\t\t\t\t\t\t<span class=\"elementor-button-content-wrapper\">\n\t\t\t\t\t\t\t\t\t<span class=\"elementor-button-text\">VER DISE\u00d1OS<\/span>\n\t\t\t\t\t<\/span>\n\t\t\t\t\t<\/a>\n\t\t\t\t<\/div>\n\t\t\t\t\t\t\t\t<\/div>\n\t\t\t\t<\/div>\n\t\t\t\t<\/div>\n\t\t<div class=\"elementor-element elementor-element-5ea0d66 e-con-full e-flex e-con e-child\" data-id=\"5ea0d66\" data-element_type=\"container\">\n\t\t\t\t<\/div>\n\t\t<div class=\"elementor-element elementor-element-0f4ee16 e-con-full e-flex e-con e-child\" data-id=\"0f4ee16\" data-element_type=\"container\" data-settings=\"{&quot;background_background&quot;:&quot;classic&quot;}\">\n\t\t\t\t<div class=\"elementor-element elementor-element-7de28ea elementor-widget elementor-widget-heading\" data-id=\"7de28ea\" data-element_type=\"widget\" data-widget_type=\"heading.default\">\n\t\t\t\t<div class=\"elementor-widget-container\">\n\t\t\t\t\t<h2 class=\"elementor-heading-title elementor-size-default\">RANURADO<\/h2>\t\t\t\t<\/div>\n\t\t\t\t<\/div>\n\t\t\t\t<div class=\"elementor-element elementor-element-97eeddc elementor-widget elementor-widget-image\" data-id=\"97eeddc\" data-element_type=\"widget\" data-widget_type=\"image.default\">\n\t\t\t\t<div class=\"elementor-widget-container\">\n\t\t\t\t\t\t\t\t\t\t\t\t\t\t\t<img loading=\"lazy\" decoding=\"async\" width=\"350\" height=\"350\" src=\"https:\/\/decorvinilos.co\/wp-content\/uploads\/2025\/07\/ROLLO-VINILO-RANURADO.png\" class=\"attachment-large size-large wp-image-1063\" alt=\"\" srcset=\"https:\/\/decorvinilos.co\/wp-content\/uploads\/2025\/07\/ROLLO-VINILO-RANURADO.png 350w, https:\/\/decorvinilos.co\/wp-content\/uploads\/2025\/07\/ROLLO-VINILO-RANURADO-300x300.png 300w, https:\/\/decorvinilos.co\/wp-content\/uploads\/2025\/07\/ROLLO-VINILO-RANURADO-150x150.png 150w, https:\/\/decorvinilos.co\/wp-content\/uploads\/2025\/07\/ROLLO-VINILO-RANURADO-100x100.png 100w\" sizes=\"(max-width: 350px) 100vw, 350px\" \/>\t\t\t\t\t\t\t\t\t\t\t\t\t\t\t<\/div>\n\t\t\t\t<\/div>\n\t\t\t\t<div class=\"elementor-element elementor-element-a0ce669 elementor-widget elementor-widget-button\" data-id=\"a0ce669\" data-element_type=\"widget\" data-widget_type=\"button.default\">\n\t\t\t\t<div class=\"elementor-widget-container\">\n\t\t\t\t\t\t\t\t\t<div class=\"elementor-button-wrapper\">\n\t\t\t\t\t<a class=\"elementor-button elementor-button-link elementor-size-sm\" href=\"https:\/\/decorvinilos.co\/index.php\/catalogo-vinilo-tipo-panel-ranurado\/\">\n\t\t\t\t\t\t<span class=\"elementor-button-content-wrapper\">\n\t\t\t\t\t\t\t\t\t<span class=\"elementor-button-text\">VER DISE\u00d1OS<\/span>\n\t\t\t\t\t<\/span>\n\t\t\t\t\t<\/a>\n\t\t\t\t<\/div>\n\t\t\t\t\t\t\t\t<\/div>\n\t\t\t\t<\/div>\n\t\t\t\t<\/div>\n\t\t\t\t\t<\/div>\n\t\t\t\t<\/div>\n\t\t<div class=\"elementor-element elementor-element-9cb95f8 e-flex e-con-boxed e-con e-parent\" data-id=\"9cb95f8\" data-element_type=\"container\">\n\t\t\t\t\t<div class=\"e-con-inner\">\n\t\t<div class=\"elementor-element elementor-element-0740e45 e-con-full e-flex e-con e-child\" data-id=\"0740e45\" data-element_type=\"container\" data-settings=\"{&quot;background_background&quot;:&quot;classic&quot;}\">\n\t\t\t\t<div class=\"elementor-element elementor-element-bb1e7e4 elementor-widget elementor-widget-heading\" data-id=\"bb1e7e4\" data-element_type=\"widget\" data-widget_type=\"heading.default\">\n\t\t\t\t<div class=\"elementor-widget-container\">\n\t\t\t\t\t<h2 class=\"elementor-heading-title elementor-size-default\">COLOR<\/h2>\t\t\t\t<\/div>\n\t\t\t\t<\/div>\n\t\t\t\t<div class=\"elementor-element elementor-element-f652a09 elementor-widget elementor-widget-image\" data-id=\"f652a09\" data-element_type=\"widget\" data-widget_type=\"image.default\">\n\t\t\t\t<div class=\"elementor-widget-container\">\n\t\t\t\t\t\t\t\t\t\t\t\t\t\t\t<img loading=\"lazy\" decoding=\"async\" width=\"350\" height=\"350\" src=\"https:\/\/decorvinilos.co\/wp-content\/uploads\/2025\/07\/ROLLO-VINILO-COLOR-TONO.png\" class=\"attachment-large size-large wp-image-1072\" alt=\"\" srcset=\"https:\/\/decorvinilos.co\/wp-content\/uploads\/2025\/07\/ROLLO-VINILO-COLOR-TONO.png 350w, https:\/\/decorvinilos.co\/wp-content\/uploads\/2025\/07\/ROLLO-VINILO-COLOR-TONO-300x300.png 300w, https:\/\/decorvinilos.co\/wp-content\/uploads\/2025\/07\/ROLLO-VINILO-COLOR-TONO-150x150.png 150w, https:\/\/decorvinilos.co\/wp-content\/uploads\/2025\/07\/ROLLO-VINILO-COLOR-TONO-100x100.png 100w\" sizes=\"(max-width: 350px) 100vw, 350px\" \/>\t\t\t\t\t\t\t\t\t\t\t\t\t\t\t<\/div>\n\t\t\t\t<\/div>\n\t\t\t\t<div class=\"elementor-element elementor-element-d637133 elementor-widget elementor-widget-button\" data-id=\"d637133\" data-element_type=\"widget\" data-widget_type=\"button.default\">\n\t\t\t\t<div class=\"elementor-widget-container\">\n\t\t\t\t\t\t\t\t\t<div class=\"elementor-button-wrapper\">\n\t\t\t\t\t<a class=\"elementor-button elementor-button-link elementor-size-sm\" href=\"https:\/\/decorvinilos.co\/index.php\/catalogo-rollo-vinilo-colores-tonos\/\">\n\t\t\t\t\t\t<span class=\"elementor-button-content-wrapper\">\n\t\t\t\t\t\t\t\t\t<span class=\"elementor-button-text\">VER DISE\u00d1OS<\/span>\n\t\t\t\t\t<\/span>\n\t\t\t\t\t<\/a>\n\t\t\t\t<\/div>\n\t\t\t\t\t\t\t\t<\/div>\n\t\t\t\t<\/div>\n\t\t\t\t<\/div>\n\t\t<div class=\"elementor-element elementor-element-8d3a675 e-con-full e-flex e-con e-child\" data-id=\"8d3a675\" data-element_type=\"container\">\n\t\t\t\t<\/div>\n\t\t<div class=\"elementor-element elementor-element-3cd5c8c e-con-full e-flex e-con e-child\" data-id=\"3cd5c8c\" data-element_type=\"container\" data-settings=\"{&quot;background_background&quot;:&quot;classic&quot;}\">\n\t\t\t\t<div class=\"elementor-element elementor-element-cf72c0f elementor-widget elementor-widget-heading\" data-id=\"cf72c0f\" data-element_type=\"widget\" data-widget_type=\"heading.default\">\n\t\t\t\t<div class=\"elementor-widget-container\">\n\t\t\t\t\t<h2 class=\"elementor-heading-title elementor-size-default\">COMBOS<\/h2>\t\t\t\t<\/div>\n\t\t\t\t<\/div>\n\t\t\t\t<div class=\"elementor-element elementor-element-03917be elementor-widget elementor-widget-image\" data-id=\"03917be\" data-element_type=\"widget\" data-widget_type=\"image.default\">\n\t\t\t\t<div class=\"elementor-widget-container\">\n\t\t\t\t\t\t\t\t\t\t\t\t\t\t\t<img loading=\"lazy\" decoding=\"async\" width=\"350\" height=\"350\" src=\"https:\/\/decorvinilos.co\/wp-content\/uploads\/2025\/07\/ROLLO-VINILO-COMBO.png\" class=\"attachment-large size-large wp-image-1076\" alt=\"\" srcset=\"https:\/\/decorvinilos.co\/wp-content\/uploads\/2025\/07\/ROLLO-VINILO-COMBO.png 350w, https:\/\/decorvinilos.co\/wp-content\/uploads\/2025\/07\/ROLLO-VINILO-COMBO-300x300.png 300w, https:\/\/decorvinilos.co\/wp-content\/uploads\/2025\/07\/ROLLO-VINILO-COMBO-150x150.png 150w, https:\/\/decorvinilos.co\/wp-content\/uploads\/2025\/07\/ROLLO-VINILO-COMBO-100x100.png 100w\" sizes=\"(max-width: 350px) 100vw, 350px\" \/>\t\t\t\t\t\t\t\t\t\t\t\t\t\t\t<\/div>\n\t\t\t\t<\/div>\n\t\t\t\t<div class=\"elementor-element elementor-element-9e6594a elementor-widget elementor-widget-button\" data-id=\"9e6594a\" data-element_type=\"widget\" data-widget_type=\"button.default\">\n\t\t\t\t<div class=\"elementor-widget-container\">\n\t\t\t\t\t\t\t\t\t<div class=\"elementor-button-wrapper\">\n\t\t\t\t\t<a class=\"elementor-button elementor-button-link elementor-size-sm\" href=\"https:\/\/decorvinilos.co\/index.php\/catalogo-combos-de-vinilo\/\">\n\t\t\t\t\t\t<span class=\"elementor-button-content-wrapper\">\n\t\t\t\t\t\t\t\t\t<span class=\"elementor-button-text\">VER DISE\u00d1OS<\/span>\n\t\t\t\t\t<\/span>\n\t\t\t\t\t<\/a>\n\t\t\t\t<\/div>\n\t\t\t\t\t\t\t\t<\/div>\n\t\t\t\t<\/div>\n\t\t\t\t<\/div>\n\t\t\t\t\t<\/div>\n\t\t\t\t<\/div>\n\t\t\t\t<\/div>\n\t\t","protected":false},"excerpt":{"rendered":"<p>SELECCIONA UNA OPCI\u00d3N MARMOL VER DISE\u00d1OS MADERA VER DISE\u00d1OS CONCRETO VER DISE\u00d1OS RANURADO VER DISE\u00d1OS COLOR VER DISE\u00d1OS COMBOS VER [&hellip;]<\/p>\n","protected":false},"author":1,"featured_media":0,"parent":0,"menu_order":0,"comment_status":"closed","ping_status":"closed","template":"","meta":{"site-sidebar-layout":"no-sidebar","site-content-layout":"","ast-site-content-layout":"full-width-container","site-content-style":"default","site-sidebar-style":"default","ast-global-header-display":"","ast-banner-title-visibility":"","ast-main-header-display":"","ast-hfb-above-header-display":"","ast-hfb-below-header-display":"","ast-hfb-mobile-header-display":"","site-post-title":"disabled","ast-breadcrumbs-content":"","ast-featured-img":"disabled","footer-sml-layout":"","theme-transparent-header-meta":"","adv-header-id-meta":"","stick-header-meta":"","header-above-stick-meta":"","header-main-stick-meta":"","header-below-stick-meta":"","astra-migrate-meta-layouts":"default","ast-page-background-enabled":"default","ast-page-background-meta":{"desktop":{"background-color":"var(--ast-global-color-5)","background-image":"","background-repeat":"repeat","background-position":"center center","background-size":"auto","background-attachment":"scroll","background-type":"","background-media":"","overlay-type":"","overlay-color":"","overlay-opacity":"","overlay-gradient":""},"tablet":{"background-color":"","background-image":"","background-repeat":"repeat","background-position":"center center","background-size":"auto","background-attachment":"scroll","background-type":"","background-media":"","overlay-type":"","overlay-color":"","overlay-opacity":"","overlay-gradient":""},"mobile":{"background-color":"","background-image":"","background-repeat":"repeat","background-position":"center center","background-size":"auto","background-attachment":"scroll","background-type":"","background-media":"","overlay-type":"","overlay-color":"","overlay-opacity":"","overlay-gradient":""}},"ast-content-background-meta":{"desktop":{"background-color":"var(--ast-global-color-4)","background-image":"","background-repeat":"repeat","background-position":"center center","background-size":"auto","background-attachment":"scroll","background-type":"","background-media":"","overlay-type":"","overlay-color":"","overlay-opacity":"","overlay-gradient":""},"tablet":{"background-color":"var(--ast-global-color-4)","background-image":"","background-repeat":"repeat","background-position":"center center","background-size":"auto","background-attachment":"scroll","background-type":"","background-media":"","overlay-type":"","overlay-color":"","overlay-opacity":"","overlay-gradient":""},"mobile":{"background-color":"var(--ast-global-color-4)","background-image":"","background-repeat":"repeat","background-position":"center center","background-size":"auto","background-attachment":"scroll","background-type":"","background-media":"","overlay-type":"","overlay-color":"","overlay-opacity":"","overlay-gradient":""}},"footnotes":""},"class_list":["post-266","page","type-page","status-publish","hentry"],"_links":{"self":[{"href":"https:\/\/decorvinilos.co\/index.php\/wp-json\/wp\/v2\/pages\/266","targetHints":{"allow":["GET"]}}],"collection":[{"href":"https:\/\/decorvinilos.co\/index.php\/wp-json\/wp\/v2\/pages"}],"about":[{"href":"https:\/\/decorvinilos.co\/index.php\/wp-json\/wp\/v2\/types\/page"}],"author":[{"embeddable":true,"href":"https:\/\/decorvinilos.co\/index.php\/wp-json\/wp\/v2\/users\/1"}],"replies":[{"embeddable":true,"href":"https:\/\/decorvinilos.co\/index.php\/wp-json\/wp\/v2\/comments?post=266"}],"version-history":[{"count":229,"href":"https:\/\/decorvinilos.co\/index.php\/wp-json\/wp\/v2\/pages\/266\/revisions"}],"predecessor-version":[{"id":1409,"href":"https:\/\/decorvinilos.co\/index.php\/wp-json\/wp\/v2\/pages\/266\/revisions\/1409"}],"wp:attachment":[{"href":"https:\/\/decorvinilos.co\/index.php\/wp-json\/wp\/v2\/media?parent=266"}],"curies":[{"name":"wp","href":"https:\/\/api.w.org\/{rel}","templated":true}]}}